{"id":85,"date":"2023-08-14T18:32:12","date_gmt":"2023-08-14T16:32:12","guid":{"rendered":"http:\/\/vivianewagner.ch\/?page_id=85"},"modified":"2024-04-03T14:08:47","modified_gmt":"2024-04-03T12:08:47","slug":"termine","status":"publish","type":"page","link":"https:\/\/vivianewagner.ch\/index.php\/termine\/","title":{"rendered":"Termine"},"content":{"rendered":"\n<p>Gerne kannst du dich bei mir per Whats up, Telegramm, Anruf oder E-Mail melden. Ich werde dich baldm\u00f6glichst kontaktieren, damit wir einen passenden Zeitpunkt vereinbaren k\u00f6nnen.<\/p>\n\n\n\n<p>Die Beratungen sind pers\u00f6nlich oder auch per Video Call m\u00f6glich.<\/p>\n\n\n\n<div class=\"wp-block-columns is-layout-flex wp-container-core-columns-layout-1 wp-block-columns-is-layout-flex\">\n<div class=\"wp-block-column is-layout-flow wp-block-column-is-layout-flow\">\n<figure class=\"wp-block-image size-large is-resized has-custom-border\"><img loading=\"lazy\" decoding=\"async\" width=\"1024\" height=\"768\" src=\"https:\/\/vivianewagner.ch\/wp-content\/uploads\/2023\/12\/watch-745988_1920-1024x768.jpg\" alt=\"Astrologie Pixabay\" class=\"wp-image-1156\" style=\"border-radius:13px;width:305px;height:auto\" srcset=\"https:\/\/vivianewagner.ch\/wp-content\/uploads\/2023\/12\/watch-745988_1920-1024x768.jpg 1024w, https:\/\/vivianewagner.ch\/wp-content\/uploads\/2023\/12\/watch-745988_1920-300x225.jpg 300w, https:\/\/vivianewagner.ch\/wp-content\/uploads\/2023\/12\/watch-745988_1920-768x576.jpg 768w, https:\/\/vivianewagner.ch\/wp-content\/uploads\/2023\/12\/watch-745988_1920-1536x1152.jpg 1536w, https:\/\/vivianewagner.ch\/wp-content\/uploads\/2023\/12\/watch-745988_1920.jpg 1920w\" sizes=\"(max-width: 1024px) 100vw, 1024px\" \/><\/figure>\n<\/div>\n\n\n\n<div class=\"wp-block-column is-layout-flow wp-block-column-is-layout-flow\">\n<figure class=\"wp-block-image size-large is-resized has-custom-border is-style-rounded\"><img loading=\"lazy\" decoding=\"async\" width=\"1840\" height=\"1380\" src=\"https:\/\/vivianewagner.ch\/wp-content\/uploads\/2023\/12\/universe-3607912_1920-edited-1.jpg\" alt=\"Universum_Luminas_Art_Pixabay\" class=\"wp-image-1174\" style=\"border-radius:13px;width:304px;height:auto\" srcset=\"https:\/\/vivianewagner.ch\/wp-content\/uploads\/2023\/12\/universe-3607912_1920-edited-1.jpg 1840w, https:\/\/vivianewagner.ch\/wp-content\/uploads\/2023\/12\/universe-3607912_1920-edited-1-300x225.jpg 300w, https:\/\/vivianewagner.ch\/wp-content\/uploads\/2023\/12\/universe-3607912_1920-edited-1-1024x768.jpg 1024w, https:\/\/vivianewagner.ch\/wp-content\/uploads\/2023\/12\/universe-3607912_1920-edited-1-768x576.jpg 768w, https:\/\/vivianewagner.ch\/wp-content\/uploads\/2023\/12\/universe-3607912_1920-edited-1-1536x1152.jpg 1536w\" sizes=\"(max-width: 1840px) 100vw, 1840px\" \/><\/figure>\n<\/div>\n<\/div>\n\n\n\n<div style=\"height:155px\" aria-hidden=\"true\" class=\"wp-block-spacer\"><\/div>\n","protected":false},"excerpt":{"rendered":"<p>Gerne kannst du dich bei mir per Whats up, Telegramm, Anruf oder E-Mail melden. Ich werde dich baldm\u00f6glichst kontaktieren, damit wir einen passenden Zeitpunkt vereinbaren k\u00f6nnen. Die Beratungen sind pers\u00f6nlich oder auch per Video Call m\u00f6glich.<\/p>\n","protected":false},"author":1,"featured_media":0,"parent":0,"menu_order":0,"comment_status":"closed","ping_status":"closed","template":"","meta":{"footnotes":""},"yoast_head":"<!-- This site is optimized with the Yoast SEO plugin v23.5 - https:\/\/yoast.com\/wordpress\/plugins\/seo\/ -->\n<title>Termine | viviane.wagner<\/title>\n<meta name=\"description\" content=\"viviane.wagner | Pers\u00f6nliche\u00a0Akasha und Astrologie Beratungen\u00a0in Biel-Bienne oder online. | Heimweg zudir selbst\" \/>\n<meta name=\"robots\" content=\"index, follow, max-snippet:-1, max-image-preview:large, max-video-preview:-1\" \/>\n<link rel=\"canonical\" href=\"https:\/\/vivianewagner.ch\/index.php\/termine\/\" \/>\n<meta property=\"og:locale\" content=\"de_DE\" \/>\n<meta property=\"og:type\" content=\"article\" \/>\n<meta property=\"og:title\" content=\"Termine | viviane.wagner\" \/>\n<meta property=\"og:description\" content=\"viviane.wagner | Pers\u00f6nliche\u00a0Akasha und Astrologie Beratungen\u00a0in Biel-Bienne oder online. | Heimweg zudir selbst\" \/>\n<meta property=\"og:url\" content=\"https:\/\/vivianewagner.ch\/index.php\/termine\/\" \/>\n<meta property=\"og:site_name\" content=\"viviane.wagner\" \/>\n<meta property=\"article:modified_time\" content=\"2024-04-03T12:08:47+00:00\" \/>\n<meta property=\"og:image\" content=\"https:\/\/vivianewagner.ch\/wp-content\/uploads\/2023\/12\/watch-745988_1920-1024x768.jpg\" \/>\n<meta name=\"twitter:card\" content=\"summary_large_image\" \/>\n<meta name=\"twitter:label1\" content=\"Gesch\u00e4tzte Lesezeit\" \/>\n\t<meta name=\"twitter:data1\" content=\"1 Minute\" \/>\n<script type=\"application\/ld+json\" class=\"yoast-schema-graph\">{\"@context\":\"https:\/\/schema.org\",\"@graph\":[{\"@type\":\"WebPage\",\"@id\":\"https:\/\/vivianewagner.ch\/index.php\/termine\/\",\"url\":\"https:\/\/vivianewagner.ch\/index.php\/termine\/\",\"name\":\"Termine | viviane.wagner\",\"isPartOf\":{\"@id\":\"https:\/\/vivianewagner.ch\/#website\"},\"primaryImageOfPage\":{\"@id\":\"https:\/\/vivianewagner.ch\/index.php\/termine\/#primaryimage\"},\"image\":{\"@id\":\"https:\/\/vivianewagner.ch\/index.php\/termine\/#primaryimage\"},\"thumbnailUrl\":\"https:\/\/vivianewagner.ch\/wp-content\/uploads\/2023\/12\/watch-745988_1920-1024x768.jpg\",\"datePublished\":\"2023-08-14T16:32:12+00:00\",\"dateModified\":\"2024-04-03T12:08:47+00:00\",\"description\":\"viviane.wagner | Pers\u00f6nliche\u00a0Akasha und Astrologie Beratungen\u00a0in Biel-Bienne oder online. | Heimweg zudir selbst\",\"breadcrumb\":{\"@id\":\"https:\/\/vivianewagner.ch\/index.php\/termine\/#breadcrumb\"},\"inLanguage\":\"de-CH\",\"potentialAction\":[{\"@type\":\"ReadAction\",\"target\":[\"https:\/\/vivianewagner.ch\/index.php\/termine\/\"]}]},{\"@type\":\"ImageObject\",\"inLanguage\":\"de-CH\",\"@id\":\"https:\/\/vivianewagner.ch\/index.php\/termine\/#primaryimage\",\"url\":\"https:\/\/vivianewagner.ch\/wp-content\/uploads\/2023\/12\/watch-745988_1920.jpg\",\"contentUrl\":\"https:\/\/vivianewagner.ch\/wp-content\/uploads\/2023\/12\/watch-745988_1920.jpg\",\"width\":1920,\"height\":1440,\"caption\":\"Bild Astrologie_pixabay\"},{\"@type\":\"BreadcrumbList\",\"@id\":\"https:\/\/vivianewagner.ch\/index.php\/termine\/#breadcrumb\",\"itemListElement\":[{\"@type\":\"ListItem\",\"position\":1,\"name\":\"Startseite\",\"item\":\"https:\/\/vivianewagner.ch\/\"},{\"@type\":\"ListItem\",\"position\":2,\"name\":\"Termine\"}]},{\"@type\":\"WebSite\",\"@id\":\"https:\/\/vivianewagner.ch\/#website\",\"url\":\"https:\/\/vivianewagner.ch\/\",\"name\":\"viviane.wagner\",\"description\":\"Akasha und Astrologie in Biel-Bienne.\",\"publisher\":{\"@id\":\"https:\/\/vivianewagner.ch\/#\/schema\/person\/37bf921815d462255fb55d6483fef5f9\"},\"alternateName\":\"Viviane Wagner\",\"potentialAction\":[{\"@type\":\"SearchAction\",\"target\":{\"@type\":\"EntryPoint\",\"urlTemplate\":\"https:\/\/vivianewagner.ch\/?s={search_term_string}\"},\"query-input\":{\"@type\":\"PropertyValueSpecification\",\"valueRequired\":true,\"valueName\":\"search_term_string\"}}],\"inLanguage\":\"de-CH\"},{\"@type\":[\"Person\",\"Organization\"],\"@id\":\"https:\/\/vivianewagner.ch\/#\/schema\/person\/37bf921815d462255fb55d6483fef5f9\",\"name\":\"Viviane Wagner\",\"image\":{\"@type\":\"ImageObject\",\"inLanguage\":\"de-CH\",\"@id\":\"https:\/\/vivianewagner.ch\/#\/schema\/person\/image\/\",\"url\":\"https:\/\/vivianewagner.ch\/wp-content\/uploads\/2023\/08\/Logo-6.png\",\"contentUrl\":\"https:\/\/vivianewagner.ch\/wp-content\/uploads\/2023\/08\/Logo-6.png\",\"width\":848,\"height\":874,\"caption\":\"Viviane Wagner\"},\"logo\":{\"@id\":\"https:\/\/vivianewagner.ch\/#\/schema\/person\/image\/\"},\"sameAs\":[\"http:\/\/vivianewagner.ch\"]}]}<\/script>\n<!-- \/ Yoast SEO plugin. -->","yoast_head_json":{"title":"Termine | viviane.wagner","description":"viviane.wagner | Pers\u00f6nliche\u00a0Akasha und Astrologie Beratungen\u00a0in Biel-Bienne oder online. | Heimweg zudir selbst","robots":{"index":"index","follow":"follow","max-snippet":"max-snippet:-1","max-image-preview":"max-image-preview:large","max-video-preview":"max-video-preview:-1"},"canonical":"https:\/\/vivianewagner.ch\/index.php\/termine\/","og_locale":"de_DE","og_type":"article","og_title":"Termine | viviane.wagner","og_description":"viviane.wagner | Pers\u00f6nliche\u00a0Akasha und Astrologie Beratungen\u00a0in Biel-Bienne oder online. | Heimweg zudir selbst","og_url":"https:\/\/vivianewagner.ch\/index.php\/termine\/","og_site_name":"viviane.wagner","article_modified_time":"2024-04-03T12:08:47+00:00","og_image":[{"url":"https:\/\/vivianewagner.ch\/wp-content\/uploads\/2023\/12\/watch-745988_1920-1024x768.jpg"}],"twitter_card":"summary_large_image","twitter_misc":{"Gesch\u00e4tzte Lesezeit":"1 Minute"},"schema":{"@context":"https:\/\/schema.org","@graph":[{"@type":"WebPage","@id":"https:\/\/vivianewagner.ch\/index.php\/termine\/","url":"https:\/\/vivianewagner.ch\/index.php\/termine\/","name":"Termine | viviane.wagner","isPartOf":{"@id":"https:\/\/vivianewagner.ch\/#website"},"primaryImageOfPage":{"@id":"https:\/\/vivianewagner.ch\/index.php\/termine\/#primaryimage"},"image":{"@id":"https:\/\/vivianewagner.ch\/index.php\/termine\/#primaryimage"},"thumbnailUrl":"https:\/\/vivianewagner.ch\/wp-content\/uploads\/2023\/12\/watch-745988_1920-1024x768.jpg","datePublished":"2023-08-14T16:32:12+00:00","dateModified":"2024-04-03T12:08:47+00:00","description":"viviane.wagner | Pers\u00f6nliche\u00a0Akasha und Astrologie Beratungen\u00a0in Biel-Bienne oder online. | Heimweg zudir selbst","breadcrumb":{"@id":"https:\/\/vivianewagner.ch\/index.php\/termine\/#breadcrumb"},"inLanguage":"de-CH","potentialAction":[{"@type":"ReadAction","target":["https:\/\/vivianewagner.ch\/index.php\/termine\/"]}]},{"@type":"ImageObject","inLanguage":"de-CH","@id":"https:\/\/vivianewagner.ch\/index.php\/termine\/#primaryimage","url":"https:\/\/vivianewagner.ch\/wp-content\/uploads\/2023\/12\/watch-745988_1920.jpg","contentUrl":"https:\/\/vivianewagner.ch\/wp-content\/uploads\/2023\/12\/watch-745988_1920.jpg","width":1920,"height":1440,"caption":"Bild Astrologie_pixabay"},{"@type":"BreadcrumbList","@id":"https:\/\/vivianewagner.ch\/index.php\/termine\/#breadcrumb","itemListElement":[{"@type":"ListItem","position":1,"name":"Startseite","item":"https:\/\/vivianewagner.ch\/"},{"@type":"ListItem","position":2,"name":"Termine"}]},{"@type":"WebSite","@id":"https:\/\/vivianewagner.ch\/#website","url":"https:\/\/vivianewagner.ch\/","name":"viviane.wagner","description":"Akasha und Astrologie in Biel-Bienne.","publisher":{"@id":"https:\/\/vivianewagner.ch\/#\/schema\/person\/37bf921815d462255fb55d6483fef5f9"},"alternateName":"Viviane Wagner","potentialAction":[{"@type":"SearchAction","target":{"@type":"EntryPoint","urlTemplate":"https:\/\/vivianewagner.ch\/?s={search_term_string}"},"query-input":{"@type":"PropertyValueSpecification","valueRequired":true,"valueName":"search_term_string"}}],"inLanguage":"de-CH"},{"@type":["Person","Organization"],"@id":"https:\/\/vivianewagner.ch\/#\/schema\/person\/37bf921815d462255fb55d6483fef5f9","name":"Viviane Wagner","image":{"@type":"ImageObject","inLanguage":"de-CH","@id":"https:\/\/vivianewagner.ch\/#\/schema\/person\/image\/","url":"https:\/\/vivianewagner.ch\/wp-content\/uploads\/2023\/08\/Logo-6.png","contentUrl":"https:\/\/vivianewagner.ch\/wp-content\/uploads\/2023\/08\/Logo-6.png","width":848,"height":874,"caption":"Viviane Wagner"},"logo":{"@id":"https:\/\/vivianewagner.ch\/#\/schema\/person\/image\/"},"sameAs":["http:\/\/vivianewagner.ch"]}]}},"_links":{"self":[{"href":"https:\/\/vivianewagner.ch\/index.php\/wp-json\/wp\/v2\/pages\/85"}],"collection":[{"href":"https:\/\/vivianewagner.ch\/index.php\/wp-json\/wp\/v2\/pages"}],"about":[{"href":"https:\/\/vivianewagner.ch\/index.php\/wp-json\/wp\/v2\/types\/page"}],"author":[{"embeddable":true,"href":"https:\/\/vivianewagner.ch\/index.php\/wp-json\/wp\/v2\/users\/1"}],"replies":[{"embeddable":true,"href":"https:\/\/vivianewagner.ch\/index.php\/wp-json\/wp\/v2\/comments?post=85"}],"version-history":[{"count":40,"href":"https:\/\/vivianewagner.ch\/index.php\/wp-json\/wp\/v2\/pages\/85\/revisions"}],"predecessor-version":[{"id":1377,"href":"https:\/\/vivianewagner.ch\/index.php\/wp-json\/wp\/v2\/pages\/85\/revisions\/1377"}],"wp:attachment":[{"href":"https:\/\/vivianewagner.ch\/index.php\/wp-json\/wp\/v2\/media?parent=85"}],"curies":[{"name":"wp","href":"https:\/\/api.w.org\/{rel}","templated":true}]}}